{"id":2003,"date":"2023-02-15T19:06:55","date_gmt":"2023-02-15T19:06:55","guid":{"rendered":"https:\/\/thtrebinje.com\/?page_id=2003"},"modified":"2023-02-15T19:10:19","modified_gmt":"2023-02-15T19:10:19","slug":"pravni-okvir","status":"publish","type":"page","link":"https:\/\/thtrebinje.com\/?page_id=2003","title":{"rendered":"PRAVNI OKVIR"},"content":{"rendered":"\t\t<div data-elementor-type=\"wp-page\" data-elementor-id=\"2003\" class=\"elementor elementor-2003\">\n\t\t\t\t\t\t<div class=\"elementor-section elementor-top-section elementor-element elementor-element-dc92b58 elementor-section-height-min-height elementor-section-content-middle elementor-section-boxed elementor-section-height-default elementor-section-items-middle\" data-id=\"dc92b58\" data-element_type=\"section\" data-e-type=\"section\" data-settings=\"{&quot;background_background&quot;:&quot;classic&quot;}\">\n\t\t\t\t\t\t\t<div class=\"elementor-background-overlay\"><\/div>\n\t\t\t\t\t\t\t<div class=\"elementor-container elementor-column-gap-no\">\n\t\t\t\t\t<div class=\"elementor-column elementor-col-100 elementor-top-column elementor-element elementor-element-fe33c4b\" data-id=\"fe33c4b\" data-element_type=\"column\" data-e-type=\"column\">\n\t\t\t<div class=\"elementor-widget-wrap elementor-element-populated\">\n\t\t\t\t\t\t<div class=\"elementor-element elementor-element-ba2d5f0 animated-slow elementor-invisible elementor-widget elementor-widget-heading\" data-id=\"ba2d5f0\" data-element_type=\"widget\" data-e-type=\"widget\" data-settings=\"{&quot;_animation&quot;:&quot;fadeInUp&quot;,&quot;_animation_delay&quot;:150}\" data-widget_type=\"heading.default\">\n\t\t\t\t<div class=\"elementor-widget-container\">\n\t\t\t\t\t<h1 class=\"elementor-heading-title elementor-size-default\">PRAVNI OKVIR<\/h1>\t\t\t\t<\/div>\n\t\t\t\t<\/div>\n\t\t\t\t<div class=\"elementor-element elementor-element-d4d7e11 animated-slow elementor-widget-divider--view-line elementor-invisible elementor-widget elementor-widget-divider\" data-id=\"d4d7e11\" data-element_type=\"widget\" data-e-type=\"widget\" data-settings=\"{&quot;_animation&quot;:&quot;fadeInDown&quot;,&quot;_animation_delay&quot;:700}\" data-widget_type=\"divider.default\">\n\t\t\t\t<div class=\"elementor-widget-container\">\n\t\t\t\t\t\t\t<div class=\"elementor-divider\">\n\t\t\t<span class=\"elementor-divider-separator\">\n\t\t\t\t\t\t<\/span>\n\t\t<\/div>\n\t\t\t\t\t\t<\/div>\n\t\t\t\t<\/div>\n\t\t\t\t\t<\/div>\n\t\t<\/div>\n\t\t\t\t\t<\/div>\n\t\t<\/div>\n\t\t\t\t<section class=\"elementor-section elementor-top-section elementor-element elementor-element-556e9fd elementor-section-boxed elementor-section-height-default elementor-section-height-default\" data-id=\"556e9fd\" data-element_type=\"section\" data-e-type=\"section\" data-settings=\"{&quot;background_background&quot;:&quot;classic&quot;}\">\n\t\t\t\t\t\t\t<div class=\"elementor-background-overlay\"><\/div>\n\t\t\t\t\t\t\t<div class=\"elementor-container elementor-column-gap-default\">\n\t\t\t\t\t<div class=\"elementor-column elementor-col-100 elementor-top-column elementor-element elementor-element-7c52fa8\" data-id=\"7c52fa8\" data-element_type=\"column\" data-e-type=\"column\">\n\t\t\t<div class=\"elementor-widget-wrap elementor-element-populated\">\n\t\t\t\t\t\t<section class=\"elementor-section elementor-inner-section elementor-element elementor-element-c9fac1c elementor-section-boxed elementor-section-height-default elementor-section-height-default\" data-id=\"c9fac1c\" data-element_type=\"section\" data-e-type=\"section\">\n\t\t\t\t\t\t<div class=\"elementor-container elementor-column-gap-default\">\n\t\t\t\t\t<div class=\"elementor-column elementor-col-100 elementor-inner-column elementor-element elementor-element-748925f\" data-id=\"748925f\" data-element_type=\"column\" data-e-type=\"column\">\n\t\t\t<div class=\"elementor-widget-wrap elementor-element-populated\">\n\t\t\t\t\t\t<div class=\"elementor-element elementor-element-b495a6c animated-slow elementor-invisible elementor-widget elementor-widget-heading\" data-id=\"b495a6c\" data-element_type=\"widget\" data-e-type=\"widget\" data-settings=\"{&quot;_animation&quot;:&quot;fadeInDown&quot;}\" data-widget_type=\"heading.default\">\n\t\t\t\t<div class=\"elementor-widget-container\">\n\t\t\t\t\t<h2 class=\"elementor-heading-title elementor-size-default\">pravni osnov: <span style=\"color:#ffa200\">VISOKE \u0160KOLE<\/span><\/h2>\t\t\t\t<\/div>\n\t\t\t\t<\/div>\n\t\t\t\t<div class=\"elementor-element elementor-element-97881aa animated-slow elementor-widget elementor-widget-text-editor\" data-id=\"97881aa\" data-element_type=\"widget\" data-e-type=\"widget\" data-settings=\"{&quot;_animation&quot;:&quot;none&quot;}\" data-widget_type=\"text-editor.default\">\n\t\t\t\t<div class=\"elementor-widget-container\">\n\t\t\t\t\t\t\t\t\t<p>1) Saglasnost na statusnu promjenu Vi\u0161e u Visoku \u0161kolu za turizam i hotelijerstvo br: 07.2-2160\/07 od 12.06.2007. godine,<\/p><p>2)\u00a0 Sudski registar kod Osnovnog suda u Trebinju Rje\u0161enjem br. \u00a0RU-1-1652-00 od 05.07.2007. godine, registrovana za djelatnost visokog obrazovanja koje se ostvaruje kroz akademske studije prvog ciklusa,<\/p><p>3) Dozvola za rad izdata od strane Ministarstva prosvjete i kulture Republike Srpske br. 07.2-9617\/07 od 28.12.2007. godine,<\/p><p>4) Saglasnost na Statut Visoke \u0161kole br: 07.2-2160\/07 od 21.06.2007.,<\/p><p>5) Rje\u0161enje o ispunjenosti uslova za po\u010detak rada Visoke \u0161kole za turizam i hotelijerstvo u Trebinju (sa po\u010detnom akreditacijom) br:07.2-2160-5\/07 od 02.07.2007.,<\/p><p>6) Dozvola za rad za izvo\u0111enje studijskog programa \u201eTurizam i hotelijerstvo- 180 ECTS\u201c br: 07.2-9617\/07 od 28.12.2007. godine,<\/p><p>7) Dozvola za rad za izvo\u0111enje studijskog programa \u201ePoslovna ekonomija turisti\u010dke privrede &#8211; 240 ECTS\u201c br:07.023\/612-8-3-1\/11 od 25.02.2013. godine,<\/p><p>8) Rje\u0161enje o upisu u Registar visoko\u0161kolskih ustanova br: 07.023\/600-1840-3067\/08 od 07.05.2008. godine,<\/p><p>9) Registar izdava\u010da (izdava\u010dka djelatnost) br.07.030-053-87-1\/11 red. broj 317,<\/p><p>10) Rje\u0161enje o registraciji, Okru\u017eni privredni sud Trebinje broj: 062-0-REG-12-\u00a0 000249 od 15.10.2012. godine,<\/p><p>11) Zaklju\u010dak Zamjenika Na\u010delnika op\u0161tine broj:11-1-329\/04 od 20.10.2004. godine,<\/p><p>12) Zaklju\u010dk Na\u010delnika op\u0161tine broj: 11-1-329\/1-04 od 16.02.2005. godine,<\/p><p>13) Obavje\u0161tenje o razvrstavanju poslovnog subjekta po djelatnosti br. 26038 od 29.10.2012. godine,<\/p><p>14) Rje\u0161enje o ispunjenosti uslova za izvo\u0111enje studijskog programa \u201ePoslovna ekonomija turisti\u010dke privrede\u201c- 240 ECTS bodova.<\/p><p>Osnovni pravni akt Visoke \u0161kole je Statut kojim se propisuje organizovanje rada Visoke \u0161kole, organi i tijela, upravljanje i rukovo\u0111enje ovom visoko\u0161kolskom ustanovom, zastupanje i predstavljanje Visoke \u0161kole, studijski programi, organizacija i obavljanje nau\u010dnoistra\u017eiva\u010dkog i stru\u010dnog rada, na\u010din ostvarivanja prava i obaveza nastavnog, administrativnog osoblja, \u00a0studenata, na\u010din ostvarivanja prihoda, upravljanje sredstvima i imovinom, postupak izbora u akademska zvanja, ispitni rokovi i period studiranja i druga pitanja u skladu sa Zakonom o visokom obrazovanju RS (\u201eSl. glasnik RS\u201c br. 67\/20).<\/p>\t\t\t\t\t\t\t\t<\/div>\n\t\t\t\t<\/div>\n\t\t\t\t\t<\/div>\n\t\t<\/div>\n\t\t\t\t\t<\/div>\n\t\t<\/section>\n\t\t\t\t\t<\/div>\n\t\t<\/div>\n\t\t\t\t\t<\/div>\n\t\t<\/section>\n\t\t\t\t<section class=\"elementor-section elementor-top-section elementor-element elementor-element-0565199 elementor-section-boxed elementor-section-height-default elementor-section-height-default\" data-id=\"0565199\" data-element_type=\"section\" data-e-type=\"section\">\n\t\t\t\t\t\t<div class=\"elementor-container elementor-column-gap-default\">\n\t\t\t\t\t<div class=\"elementor-column elementor-col-50 elementor-top-column elementor-element elementor-element-d2c4108\" data-id=\"d2c4108\" data-element_type=\"column\" data-e-type=\"column\">\n\t\t\t<div class=\"elementor-widget-wrap elementor-element-populated\">\n\t\t\t\t\t\t<div class=\"elementor-element elementor-element-86bd68b elementor-invisible elementor-widget elementor-widget-heading\" data-id=\"86bd68b\" data-element_type=\"widget\" data-e-type=\"widget\" data-settings=\"{&quot;_animation&quot;:&quot;fadeInDown&quot;}\" data-widget_type=\"heading.default\">\n\t\t\t\t<div class=\"elementor-widget-container\">\n\t\t\t\t\t<h3 class=\"elementor-heading-title elementor-size-default\">NA\u0160I PARTNERI<\/h3>\t\t\t\t<\/div>\n\t\t\t\t<\/div>\n\t\t\t\t\t<\/div>\n\t\t<\/div>\n\t\t\t\t<div class=\"elementor-column elementor-col-50 elementor-top-column elementor-element elementor-element-74bd044\" data-id=\"74bd044\" data-element_type=\"column\" data-e-type=\"column\">\n\t\t\t<div class=\"elementor-widget-wrap elementor-element-populated\">\n\t\t\t\t\t\t<div class=\"elementor-element elementor-element-8aed919 elementor-invisible elementor-widget elementor-widget-heading\" data-id=\"8aed919\" data-element_type=\"widget\" data-e-type=\"widget\" data-settings=\"{&quot;_animation&quot;:&quot;fadeInDown&quot;}\" data-widget_type=\"heading.default\">\n\t\t\t\t<div class=\"elementor-widget-container\">\n\t\t\t\t\t<h2 class=\"elementor-heading-title elementor-size-default\">U DRU\u0160TVU SA NAJBOLJIMA<\/h2>\t\t\t\t<\/div>\n\t\t\t\t<\/div>\n\t\t\t\t\t<\/div>\n\t\t<\/div>\n\t\t\t\t\t<\/div>\n\t\t<\/section>\n\t\t\t\t<section class=\"elementor-section elementor-top-section elementor-element elementor-element-0a408ff elementor-section-boxed elementor-section-height-default elementor-section-height-default\" data-id=\"0a408ff\" data-element_type=\"section\" data-e-type=\"section\" data-settings=\"{&quot;background_background&quot;:&quot;classic&quot;}\">\n\t\t\t\t\t\t\t<div class=\"elementor-background-overlay\"><\/div>\n\t\t\t\t\t\t\t<div class=\"elementor-container elementor-column-gap-default\">\n\t\t\t\t\t<div class=\"elementor-column elementor-col-100 elementor-top-column elementor-element elementor-element-eabd8e8\" data-id=\"eabd8e8\" data-element_type=\"column\" data-e-type=\"column\">\n\t\t\t<div class=\"elementor-widget-wrap elementor-element-populated\">\n\t\t\t\t\t\t<section class=\"elementor-section elementor-inner-section elementor-element elementor-element-cce3885 elementor-section-boxed elementor-section-height-default elementor-section-height-default\" data-id=\"cce3885\" data-element_type=\"section\" data-e-type=\"section\">\n\t\t\t\t\t\t<div class=\"elementor-container elementor-column-gap-default\">\n\t\t\t\t\t<div class=\"elementor-column elementor-col-20 elementor-inner-column elementor-element elementor-element-ea92439\" data-id=\"ea92439\" data-element_type=\"column\" data-e-type=\"column\">\n\t\t\t<div class=\"elementor-widget-wrap elementor-element-populated\">\n\t\t\t\t\t\t<div class=\"elementor-element elementor-element-9d2f4f7 elementor-widget elementor-widget-image\" data-id=\"9d2f4f7\" data-element_type=\"widget\" data-e-type=\"widget\" data-widget_type=\"image.default\">\n\t\t\t\t<div class=\"elementor-widget-container\">\n\t\t\t\t\t\t\t\t\t\t\t\t\t\t\t\t<a href=\"https:\/\/pmf.unibl.org\/\" target=\"_blank\">\n\t\t\t\t\t\t\t<img decoding=\"async\" width=\"130\" height=\"130\" src=\"https:\/\/thtrebinje.com\/wp-content\/uploads\/2023\/02\/pmf-150x1502-1.png\" class=\"attachment-large size-large wp-image-1446\" alt=\"\" \/>\t\t\t\t\t\t\t\t<\/a>\n\t\t\t\t\t\t\t\t\t\t\t\t\t\t\t<\/div>\n\t\t\t\t<\/div>\n\t\t\t\t\t<\/div>\n\t\t<\/div>\n\t\t\t\t<div class=\"elementor-column elementor-col-20 elementor-inner-column elementor-element elementor-element-23695aa\" data-id=\"23695aa\" data-element_type=\"column\" data-e-type=\"column\">\n\t\t\t<div class=\"elementor-widget-wrap elementor-element-populated\">\n\t\t\t\t\t\t<div class=\"elementor-element elementor-element-f6f4669 elementor-widget elementor-widget-image\" data-id=\"f6f4669\" data-element_type=\"widget\" data-e-type=\"widget\" data-widget_type=\"image.default\">\n\t\t\t\t<div class=\"elementor-widget-container\">\n\t\t\t\t\t\t\t\t\t\t\t\t\t\t\t\t<a href=\"https:\/\/www.unibl.org\/\" target=\"_blank\">\n\t\t\t\t\t\t\t<img decoding=\"async\" width=\"130\" height=\"130\" src=\"https:\/\/thtrebinje.com\/wp-content\/uploads\/2023\/02\/unibl-radni5-150x1502-1.png\" class=\"attachment-large size-large wp-image-1451\" alt=\"\" \/>\t\t\t\t\t\t\t\t<\/a>\n\t\t\t\t\t\t\t\t\t\t\t\t\t\t\t<\/div>\n\t\t\t\t<\/div>\n\t\t\t\t\t<\/div>\n\t\t<\/div>\n\t\t\t\t<div class=\"elementor-column elementor-col-20 elementor-inner-column elementor-element elementor-element-4f50693\" data-id=\"4f50693\" data-element_type=\"column\" data-e-type=\"column\">\n\t\t\t<div class=\"elementor-widget-wrap elementor-element-populated\">\n\t\t\t\t\t\t<div class=\"elementor-element elementor-element-f5ead49 elementor-widget elementor-widget-image\" data-id=\"f5ead49\" data-element_type=\"widget\" data-e-type=\"widget\" data-widget_type=\"image.default\">\n\t\t\t\t<div class=\"elementor-widget-container\">\n\t\t\t\t\t\t\t\t\t\t\t\t\t\t\t\t<a href=\"https:\/\/gef.bg.ac.rs\/\" target=\"_blank\">\n\t\t\t\t\t\t\t<img decoding=\"async\" width=\"150\" height=\"71\" src=\"https:\/\/thtrebinje.com\/wp-content\/uploads\/2023\/02\/geo-fag-logo6.png\" class=\"attachment-large size-large wp-image-1436\" alt=\"\" \/>\t\t\t\t\t\t\t\t<\/a>\n\t\t\t\t\t\t\t\t\t\t\t\t\t\t\t<\/div>\n\t\t\t\t<\/div>\n\t\t\t\t\t<\/div>\n\t\t<\/div>\n\t\t\t\t<div class=\"elementor-column elementor-col-20 elementor-inner-column elementor-element elementor-element-35eeb11\" data-id=\"35eeb11\" data-element_type=\"column\" data-e-type=\"column\">\n\t\t\t<div class=\"elementor-widget-wrap elementor-element-populated\">\n\t\t\t\t\t\t<div class=\"elementor-element elementor-element-2bcda7d elementor-widget elementor-widget-image\" data-id=\"2bcda7d\" data-element_type=\"widget\" data-e-type=\"widget\" data-widget_type=\"image.default\">\n\t\t\t\t<div class=\"elementor-widget-container\">\n\t\t\t\t\t\t\t\t\t\t\t\t\t\t\t\t<a href=\"https:\/\/www.geografija.org\/\" target=\"_blank\">\n\t\t\t\t\t\t\t<img loading=\"lazy\" decoding=\"async\" width=\"160\" height=\"121\" src=\"https:\/\/thtrebinje.com\/wp-content\/uploads\/2023\/01\/logo2.png\" class=\"attachment-large size-large wp-image-1202\" alt=\"\" \/>\t\t\t\t\t\t\t\t<\/a>\n\t\t\t\t\t\t\t\t\t\t\t\t\t\t\t<\/div>\n\t\t\t\t<\/div>\n\t\t\t\t\t<\/div>\n\t\t<\/div>\n\t\t\t\t<div class=\"elementor-column elementor-col-20 elementor-inner-column elementor-element elementor-element-0449aa3\" data-id=\"0449aa3\" data-element_type=\"column\" data-e-type=\"column\">\n\t\t\t<div class=\"elementor-widget-wrap elementor-element-populated\">\n\t\t\t\t\t\t<div class=\"elementor-element elementor-element-4be9b6c elementor-widget elementor-widget-image\" data-id=\"4be9b6c\" data-element_type=\"widget\" data-e-type=\"widget\" data-widget_type=\"image.default\">\n\t\t\t\t<div class=\"elementor-widget-container\">\n\t\t\t\t\t\t\t\t\t\t\t\t\t\t\t\t<a href=\"https:\/\/trebinje.rs.ba\/\" target=\"_blank\">\n\t\t\t\t\t\t\t<img loading=\"lazy\" decoding=\"async\" width=\"150\" height=\"150\" src=\"https:\/\/thtrebinje.com\/wp-content\/uploads\/2023\/02\/trebinje.png\" class=\"attachment-large size-large wp-image-1515\" alt=\"\" \/>\t\t\t\t\t\t\t\t<\/a>\n\t\t\t\t\t\t\t\t\t\t\t\t\t\t\t<\/div>\n\t\t\t\t<\/div>\n\t\t\t\t\t<\/div>\n\t\t<\/div>\n\t\t\t\t\t<\/div>\n\t\t<\/section>\n\t\t\t\t\t<\/div>\n\t\t<\/div>\n\t\t\t\t\t<\/div>\n\t\t<\/section>\n\t\t\t\t<\/div>\n\t\t","protected":false},"excerpt":{"rendered":"<p>PRAVNI OKVIR pravni osnov: VISOKE \u0160KOLE 1) Saglasnost na statusnu promjenu Vi\u0161e u Visoku \u0161kolu za turizam i hotelijerstvo br: [&hellip;]<\/p>\n","protected":false},"author":1,"featured_media":0,"parent":0,"menu_order":0,"comment_status":"closed","ping_status":"closed","template":"elementor_header_footer","meta":{"footnotes":""},"class_list":["post-2003","page","type-page","status-publish","hentry"],"jetpack_sharing_enabled":true,"_links":{"self":[{"href":"https:\/\/thtrebinje.com\/index.php?rest_route=\/wp\/v2\/pages\/2003","targetHints":{"allow":["GET"]}}],"collection":[{"href":"https:\/\/thtrebinje.com\/index.php?rest_route=\/wp\/v2\/pages"}],"about":[{"href":"https:\/\/thtrebinje.com\/index.php?rest_route=\/wp\/v2\/types\/page"}],"author":[{"embeddable":true,"href":"https:\/\/thtrebinje.com\/index.php?rest_route=\/wp\/v2\/users\/1"}],"replies":[{"embeddable":true,"href":"https:\/\/thtrebinje.com\/index.php?rest_route=%2Fwp%2Fv2%2Fcomments&post=2003"}],"version-history":[{"count":7,"href":"https:\/\/thtrebinje.com\/index.php?rest_route=\/wp\/v2\/pages\/2003\/revisions"}],"predecessor-version":[{"id":2010,"href":"https:\/\/thtrebinje.com\/index.php?rest_route=\/wp\/v2\/pages\/2003\/revisions\/2010"}],"wp:attachment":[{"href":"https:\/\/thtrebinje.com\/index.php?rest_route=%2Fwp%2Fv2%2Fmedia&parent=2003"}],"curies":[{"name":"wp","href":"https:\/\/api.w.org\/{rel}","templated":true}]}}